{"id":4512,"date":"2026-02-21T15:37:11","date_gmt":"2026-02-21T15:37:11","guid":{"rendered":"https:\/\/raditravels.com\/?page_id=4512"},"modified":"2026-02-22T07:27:13","modified_gmt":"2026-02-22T07:27:13","slug":"contact-whatsapp","status":"publish","type":"page","link":"https:\/\/raditravels.com\/en\/contact-whatsapp\/","title":{"rendered":"Contact &amp; WhatsApp \u2013 Radi Travels"},"content":{"rendered":"\n<h1 class=\"wp-block-heading\">Contact &amp; WhatsApp \u2013 Radi Travels<\/h1>\n\n\n\n<p><code>Fast WhatsApp &amp; Telegram support for private tours, balloon rides, and VIP transfers in Cappadocia. Get a quick quote in minutes.<\/code><\/p>\n\n\n\n<p><code>WhatsApp \/ Phone: +90 555 760 56 56<\/code><\/p>\n\n\n\n<p><code>Instagram: @raditravels<\/code><\/p>\n\n\n\n<p><code>Location: Cappadocia, T\u00fcrkiye<\/code><\/p>\n\n\n\n<ol class=\"wp-block-list\">\n<li><strong>Fast Reply<\/strong><\/li>\n<\/ol>\n\n\n\n<ul class=\"wp-block-list\">\n<li><code>Average reply time: 5\u201315 minutes (09:00\u201323:00 TR time).<\/code><\/li>\n<\/ul>\n\n\n\n<ol start=\"2\" class=\"wp-block-list\">\n<li><strong>Pickup &amp; Meeting Point<\/strong><\/li>\n<\/ol>\n\n\n\n<ul class=\"wp-block-list\">\n<li><code>Hotel pickup available in Cappadocia. Please share your hotel name.<\/code><\/li>\n<\/ul>\n\n\n\n<ol start=\"3\" class=\"wp-block-list\">\n<li><strong>Payments<\/strong><\/li>\n<\/ol>\n\n\n\n<ul class=\"wp-block-list\">\n<li><code>Cash \/ Card \/ Online payment options. (Details on request).<\/code><\/li>\n<\/ul>\n\n\n\n<div class=\"wp-block-buttons is-layout-flex wp-block-buttons-is-layout-flex\">\n<div class=\"wp-block-button\"><a class=\"wp-block-button__link wp-element-button\" href=\"https:\/\/wa.me\/905557605656?text=Hello%20Radi%20Travels!%20I%20want%20to%20book%20a%20tour%20in%20Cappadocia.%20Date:%20__%20People:%20__%20Tours:%20Red\/Green\/Blue\/Balloon\/VIP%20Transfer\"><code>WhatsApp (English)<\/code><\/a><\/div>\n\n\n\n<div class=\"wp-block-button\"><a class=\"wp-block-button__link wp-element-button\" href=\"https:\/\/wa.me\/905557605656?text=\u0417\u0434\u0440\u0430\u0432\u0441\u0442\u0432\u0443\u0439\u0442\u0435!%20\u0425\u043e\u0447\u0443%20\u0437\u0430\u0431\u0440\u043e\u043d\u0438\u0440\u043e\u0432\u0430\u0442\u044c%20\u0442\u0443\u0440%20\u0432%20\u041a\u0430\u043f\u043f\u0430\u0434\u043e\u043a\u0438\u0438.%20\u0414\u0430\u0442\u0430:%20__%20\u041a\u043e\u043b-\u0432\u043e:%20__%20\u0418\u043d\u0442\u0435\u0440\u0435\u0441\u0443\u0435\u0442:%20\u041a\u0440\u0430\u0441\u043d\u044b\u0439\/\u0417\u0435\u043b\u0451\u043d\u044b\u0439\/\u0421\u0438\u043d\u0438\u0439\/\u0428\u0430\u0440\/\u0412\u0418\u041f%20\u0442\u0440\u0430\u043d\u0441\u0444\u0435\u0440\"><code>WhatsApp (\u0420\u0443\u0441\u0441\u043a\u0438\u0439)<\/code><\/a><\/div>\n\n\n\n<div class=\"wp-block-button\"><a class=\"wp-block-button__link wp-element-button\" href=\"https:\/\/wa.me\/905557605656?text=Merhaba%20Radi%20Travels!%20Kapadokya%20turu%20i\u00e7in%20rezervasyon%20yapmak%20istiyorum.%20Tarih:%20__%20Ki\u015fi:%20__%20\u0130stedi\u011fim:%20Red\/Green\/Blue\/Balon\/VIP%20Transfer\"><code>WhatsApp (T\u00fcrk\u00e7e)<\/code><\/a><\/div>\n\n\n\n<div class=\"wp-block-button\"><a class=\"wp-block-button__link wp-element-button\" href=\"https:\/\/t.me\/raditravels\">Telegram <code>(\u0420\u0443\u0441\u0441\u043a\u0438\u0439)<\/code><\/a><\/div>\n<\/div>\n","protected":false},"excerpt":{"rendered":"<p>Contact &amp; WhatsApp \u2013 Radi Travels Fast WhatsApp &amp; Telegram support for private tours, balloon rides, and VIP transfers in Cappadocia. Get a quick quote in minutes. WhatsApp \/ Phone: +90 555 760 56 56 Instagram: @raditravels Location: Cappadocia, T\u00fcrkiye<\/p>\n","protected":false},"author":1,"featured_media":0,"parent":0,"menu_order":0,"comment_status":"closed","ping_status":"closed","template":"","meta":{"_uag_custom_page_level_css":"","site-sidebar-layout":"default","site-content-layout":"","ast-site-content-layout":"default","site-content-style":"default","site-sidebar-style":"default","ast-global-header-display":"","ast-banner-title-visibility":"","ast-main-header-display":"","ast-hfb-above-header-display":"","ast-hfb-below-header-display":"","ast-hfb-mobile-header-display":"","site-post-title":"disabled","ast-breadcrumbs-content":"","ast-featured-img":"","footer-sml-layout":"","ast-disable-related-posts":"","theme-transparent-header-meta":"","adv-header-id-meta":"","stick-header-meta":"","header-above-stick-meta":"","header-main-stick-meta":"","header-below-stick-meta":"","astra-migrate-meta-layouts":"set","ast-page-background-enabled":"default","ast-page-background-meta":{"desktop":{"background-color":"var(--ast-global-color-4)","background-image":"","background-repeat":"repeat","background-position":"center center","background-size":"auto","background-attachment":"scroll","background-type":"","background-media":"","overlay-type":"","overlay-color":"","overlay-opacity":"","overlay-gradient":""},"tablet":{"background-color":"","background-image":"","background-repeat":"repeat","background-position":"center center","background-size":"auto","background-attachment":"scroll","background-type":"","background-media":"","overlay-type":"","overlay-color":"","overlay-opacity":"","overlay-gradient":""},"mobile":{"background-color":"","background-image":"","background-repeat":"repeat","background-position":"center center","background-size":"auto","background-attachment":"scroll","background-type":"","background-media":"","overlay-type":"","overlay-color":"","overlay-opacity":"","overlay-gradient":""}},"ast-content-background-meta":{"desktop":{"background-color":"var(--ast-global-color-5)","background-image":"","background-repeat":"repeat","background-position":"center center","background-size":"auto","background-attachment":"scroll","background-type":"","background-media":"","overlay-type":"","overlay-color":"","overlay-opacity":"","overlay-gradient":""},"tablet":{"background-color":"var(--ast-global-color-5)","background-image":"","background-repeat":"repeat","background-position":"center center","background-size":"auto","background-attachment":"scroll","background-type":"","background-media":"","overlay-type":"","overlay-color":"","overlay-opacity":"","overlay-gradient":""},"mobile":{"background-color":"var(--ast-global-color-5)","background-image":"","background-repeat":"repeat","background-position":"center center","background-size":"auto","background-attachment":"scroll","background-type":"","background-media":"","overlay-type":"","overlay-color":"","overlay-opacity":"","overlay-gradient":""}},"_joinchat":[],"footnotes":""},"class_list":["post-4512","page","type-page","status-publish","hentry"],"_hostinger_reach_plugin_has_subscription_block":false,"_hostinger_reach_plugin_is_elementor":false,"uagb_featured_image_src":{"full":false,"thumbnail":false,"medium":false,"medium_large":false,"large":false,"1536x1536":false,"2048x2048":false,"trp-custom-language-flag":false},"uagb_author_info":{"display_name":"raditravels@gmail.com","author_link":"https:\/\/raditravels.com\/en\/author\/raditravelsgmail-com\/"},"uagb_comment_info":0,"uagb_excerpt":"Contact &amp; WhatsApp \u2013 Radi Travels Fast WhatsApp &amp; Telegram support for private tours, balloon rides, and VIP transfers in Cappadocia. Get a quick quote in minutes. WhatsApp \/ Phone: +90 555 760 56 56 Instagram: @raditravels Location: Cappadocia, T\u00fcrkiye","_links":{"self":[{"href":"https:\/\/raditravels.com\/en\/wp-json\/wp\/v2\/pages\/4512","targetHints":{"allow":["GET"]}}],"collection":[{"href":"https:\/\/raditravels.com\/en\/wp-json\/wp\/v2\/pages"}],"about":[{"href":"https:\/\/raditravels.com\/en\/wp-json\/wp\/v2\/types\/page"}],"author":[{"embeddable":true,"href":"https:\/\/raditravels.com\/en\/wp-json\/wp\/v2\/users\/1"}],"replies":[{"embeddable":true,"href":"https:\/\/raditravels.com\/en\/wp-json\/wp\/v2\/comments?post=4512"}],"version-history":[{"count":7,"href":"https:\/\/raditravels.com\/en\/wp-json\/wp\/v2\/pages\/4512\/revisions"}],"predecessor-version":[{"id":4527,"href":"https:\/\/raditravels.com\/en\/wp-json\/wp\/v2\/pages\/4512\/revisions\/4527"}],"wp:attachment":[{"href":"https:\/\/raditravels.com\/en\/wp-json\/wp\/v2\/media?parent=4512"}],"curies":[{"name":"wp","href":"https:\/\/api.w.org\/{rel}","templated":true}]}}