{"id":3542,"date":"2026-01-09T14:42:04","date_gmt":"2026-01-09T14:42:04","guid":{"rendered":"https:\/\/raditravels.com\/?page_id=3542"},"modified":"2026-02-21T14:32:17","modified_gmt":"2026-02-21T14:32:17","slug":"private-tours","status":"publish","type":"page","link":"https:\/\/raditravels.com\/en\/private-tours\/","title":{"rendered":"Private &amp; VIP Tours in Cappadocia"},"content":{"rendered":"\n<h1 class=\"wp-block-heading\"><strong>Private &amp; VIP Tours in Cappadocia<\/strong><\/h1>\n\n\n\n<blockquote class=\"wp-block-quote is-layout-flow wp-block-quote-is-layout-flow\">\n<p>Tailor-made itineraries with a licensed private guide<\/p>\n<\/blockquote>\n\n\n\n<p><strong>A private Cappadocia experience designed exclusively for you.<\/strong><br>Discreet luxury, personal guidance and absolute flexibility.<\/p>\n\n\n\n<div class=\"wp-block-columns is-layout-flex wp-container-core-columns-is-layout-28f84493 wp-block-columns-is-layout-flex\">\n<div class=\"wp-block-column is-layout-flow wp-block-column-is-layout-flow\">\n<h2 class=\"wp-block-heading\">\ud83d\udd34\u00a0<strong>Red Tour \u2014 Iconic Cappadocia<\/strong><\/h2>\n<\/div>\n\n\n\n<div class=\"wp-block-column is-layout-flow wp-block-column-is-layout-flow\">\n<h2 class=\"wp-block-heading\">\ud83d\udfe2\u00a0<strong>Green Tour \u2014 Nature &amp; Heritage<\/strong><\/h2>\n<\/div>\n\n\n\n<div class=\"wp-block-column is-layout-flow wp-block-column-is-layout-flow\">\n<h2 class=\"wp-block-heading has-ast-global-color-2-color has-text-color has-link-color wp-elements-d1918e15ed181127dc407810c4072a78\"><strong>\ud83e\udded\u00a0<strong>Bespoke Route \u2014 Designed for You<\/strong><\/strong><\/h2>\n<\/div>\n<\/div>\n\n\n\n<h2 class=\"wp-block-heading\"><strong>Pricing<\/strong>:<\/h2>\n\n\n\n<p>Each tour is individually priced based on your preferences, route and level of service.<br>Contact us for a discreet and accurate quote.<\/p>\n\n\n\n<div class=\"wp-block-cover is-light has-large-font-size wp-elements-ce03d5c27f3ce756652a7f1377df3cef\" style=\"margin-top:0;margin-bottom:0;padding-top:0;padding-right:0;padding-bottom:0;padding-left:0\"><img loading=\"lazy\" decoding=\"async\" width=\"1024\" height=\"640\" class=\"wp-block-cover__image-background wp-image-4295 size-full\" alt=\"g\u00f6r\u00fcnt\u00fc\" src=\"https:\/\/raditravels.com\/wp-content\/uploads\/2026\/01\/Goruntu-24.png\" data-object-fit=\"cover\" title=\"Private &amp; VIP Tours in Cappadocia\" srcset=\"https:\/\/raditravels.com\/wp-content\/uploads\/2026\/01\/Goruntu-24.png 1024w, https:\/\/raditravels.com\/wp-content\/uploads\/2026\/01\/Goruntu-24-300x188.png 300w, https:\/\/raditravels.com\/wp-content\/uploads\/2026\/01\/Goruntu-24-768x480.png 768w, https:\/\/raditravels.com\/wp-content\/uploads\/2026\/01\/Goruntu-24-18x12.png 18w\" sizes=\"auto, (max-width: 1024px) 100vw, 1024px\" \/><span aria-hidden=\"true\" class=\"wp-block-cover__background has-background-dim-10 has-background-dim\" style=\"background-color:#aca8a7\"><\/span><div class=\"wp-block-cover__inner-container is-layout-constrained wp-container-core-cover-is-layout-72d38984 wp-block-cover-is-layout-constrained\">\n<div class=\"wp-block-buttons is-layout-flex wp-block-buttons-is-layout-flex\">\n<div class=\"wp-block-button\"><a class=\"wp-block-button__link wp-element-button\" href=\"https:\/\/wa.me\/905557605656\"><strong>Request Your Private Itinerary<\/strong><\/a><\/div>\n<\/div>\n<\/div><\/div>\n\n\n\n<p><\/p>\n","protected":false},"excerpt":{"rendered":"<p>Private &amp; VIP Tours in Cappadocia Tailor-made itineraries with a licensed private guide A private Cappadocia experience designed exclusively for you.Discreet luxury, personal guidance and absolute flexibility. \ud83d\udd34\u00a0Red Tour \u2014 Iconic Cappadocia \ud83d\udfe2\u00a0Green Tour \u2014 Nature &amp; Heritage \ud83e\udded\u00a0Bespoke Route \u2014 Designed for You Pricing: Each tour is individually priced based on your preferences, route [&hellip;]<\/p>\n","protected":false},"author":1,"featured_media":0,"parent":0,"menu_order":0,"comment_status":"closed","ping_status":"closed","template":"","meta":{"_uag_custom_page_level_css":"","site-sidebar-layout":"default","site-content-layout":"","ast-site-content-layout":"default","site-content-style":"default","site-sidebar-style":"default","ast-global-header-display":"","ast-banner-title-visibility":"","ast-main-header-display":"","ast-hfb-above-header-display":"","ast-hfb-below-header-display":"","ast-hfb-mobile-header-display":"","site-post-title":"disabled","ast-breadcrumbs-content":"","ast-featured-img":"","footer-sml-layout":"","ast-disable-related-posts":"","theme-transparent-header-meta":"","adv-header-id-meta":"","stick-header-meta":"","header-above-stick-meta":"","header-main-stick-meta":"","header-below-stick-meta":"","astra-migrate-meta-layouts":"set","ast-page-background-enabled":"default","ast-page-background-meta":{"desktop":{"background-color":"var(--ast-global-color-4)","background-image":"","background-repeat":"repeat","background-position":"center center","background-size":"auto","background-attachment":"scroll","background-type":"","background-media":"","overlay-type":"","overlay-color":"","overlay-opacity":"","overlay-gradient":""},"tablet":{"background-color":"","background-image":"","background-repeat":"repeat","background-position":"center center","background-size":"auto","background-attachment":"scroll","background-type":"","background-media":"","overlay-type":"","overlay-color":"","overlay-opacity":"","overlay-gradient":""},"mobile":{"background-color":"","background-image":"","background-repeat":"repeat","background-position":"center center","background-size":"auto","background-attachment":"scroll","background-type":"","background-media":"","overlay-type":"","overlay-color":"","overlay-opacity":"","overlay-gradient":""}},"ast-content-background-meta":{"desktop":{"background-color":"var(--ast-global-color-5)","background-image":"","background-repeat":"repeat","background-position":"center center","background-size":"auto","background-attachment":"scroll","background-type":"","background-media":"","overlay-type":"","overlay-color":"","overlay-opacity":"","overlay-gradient":""},"tablet":{"background-color":"var(--ast-global-color-5)","background-image":"","background-repeat":"repeat","background-position":"center center","background-size":"auto","background-attachment":"scroll","background-type":"","background-media":"","overlay-type":"","overlay-color":"","overlay-opacity":"","overlay-gradient":""},"mobile":{"background-color":"var(--ast-global-color-5)","background-image":"","background-repeat":"repeat","background-position":"center center","background-size":"auto","background-attachment":"scroll","background-type":"","background-media":"","overlay-type":"","overlay-color":"","overlay-opacity":"","overlay-gradient":""}},"_joinchat":[],"footnotes":""},"class_list":["post-3542","page","type-page","status-publish","hentry"],"_hostinger_reach_plugin_has_subscription_block":false,"_hostinger_reach_plugin_is_elementor":false,"uagb_featured_image_src":{"full":false,"thumbnail":false,"medium":false,"medium_large":false,"large":false,"1536x1536":false,"2048x2048":false,"trp-custom-language-flag":false},"uagb_author_info":{"display_name":"raditravels@gmail.com","author_link":"https:\/\/raditravels.com\/en\/author\/raditravelsgmail-com\/"},"uagb_comment_info":0,"uagb_excerpt":"Private &amp; VIP Tours in Cappadocia Tailor-made itineraries with a licensed private guide A private Cappadocia experience designed exclusively for you.Discreet luxury, personal guidance and absolute flexibility. \ud83d\udd34\u00a0Red Tour \u2014 Iconic Cappadocia \ud83d\udfe2\u00a0Green Tour \u2014 Nature &amp; Heritage \ud83e\udded\u00a0Bespoke Route \u2014 Designed for You Pricing: Each tour is individually priced based on your preferences, route&hellip;","_links":{"self":[{"href":"https:\/\/raditravels.com\/en\/wp-json\/wp\/v2\/pages\/3542","targetHints":{"allow":["GET"]}}],"collection":[{"href":"https:\/\/raditravels.com\/en\/wp-json\/wp\/v2\/pages"}],"about":[{"href":"https:\/\/raditravels.com\/en\/wp-json\/wp\/v2\/types\/page"}],"author":[{"embeddable":true,"href":"https:\/\/raditravels.com\/en\/wp-json\/wp\/v2\/users\/1"}],"replies":[{"embeddable":true,"href":"https:\/\/raditravels.com\/en\/wp-json\/wp\/v2\/comments?post=3542"}],"version-history":[{"count":11,"href":"https:\/\/raditravels.com\/en\/wp-json\/wp\/v2\/pages\/3542\/revisions"}],"predecessor-version":[{"id":4502,"href":"https:\/\/raditravels.com\/en\/wp-json\/wp\/v2\/pages\/3542\/revisions\/4502"}],"wp:attachment":[{"href":"https:\/\/raditravels.com\/en\/wp-json\/wp\/v2\/media?parent=3542"}],"curies":[{"name":"wp","href":"https:\/\/api.w.org\/{rel}","templated":true}]}}