{"id":3129,"date":"2025-12-31T07:17:54","date_gmt":"2025-12-31T07:17:54","guid":{"rendered":"https:\/\/magenta-gazelle-942160.hostingersite.com\/?page_id=3129"},"modified":"2026-03-03T20:36:08","modified_gmt":"2026-03-03T20:36:08","slug":"%d0%be-%d0%bd%d0%b0%d1%81","status":"publish","type":"page","link":"https:\/\/raditravels.com\/en\/%d0%be-%d0%bd%d0%b0%d1%81\/","title":{"rendered":"\u041e \u043d\u0430\u0441"},"content":{"rendered":"\r\n<div class=\"wp-block-cover\" style=\"margin-top:0;margin-bottom:0;padding-top:10px;padding-right:0;padding-bottom:10px;padding-left:0;min-height:50vh;aspect-ratio:unset;\"><img loading=\"lazy\" decoding=\"async\" width=\"768\" height=\"1024\" class=\"wp-block-cover__image-background wp-image-3398 size-large\" alt=\"9da2bb2e 4ec7 4b7f 8fd7 9ba75fb19174\" src=\"https:\/\/raditravels.com\/wp-content\/uploads\/2026\/01\/9da2bb2e-4ec7-4b7f-8fd7-9ba75fb19174-768x1024.jpg\" data-object-fit=\"cover\" title=\"\u041e \u043d\u0430\u0441\" srcset=\"https:\/\/raditravels.com\/wp-content\/uploads\/2026\/01\/9da2bb2e-4ec7-4b7f-8fd7-9ba75fb19174-768x1024.jpg 768w, https:\/\/raditravels.com\/wp-content\/uploads\/2026\/01\/9da2bb2e-4ec7-4b7f-8fd7-9ba75fb19174-225x300.jpg 225w, https:\/\/raditravels.com\/wp-content\/uploads\/2026\/01\/9da2bb2e-4ec7-4b7f-8fd7-9ba75fb19174-1152x1536.jpg 1152w, https:\/\/raditravels.com\/wp-content\/uploads\/2026\/01\/9da2bb2e-4ec7-4b7f-8fd7-9ba75fb19174-9x12.jpg 9w, https:\/\/raditravels.com\/wp-content\/uploads\/2026\/01\/9da2bb2e-4ec7-4b7f-8fd7-9ba75fb19174.jpg 1254w\" sizes=\"auto, (max-width: 768px) 100vw, 768px\" \/><span aria-hidden=\"true\" class=\"wp-block-cover__background has-background-dim-10 has-background-dim\" style=\"background-color:#83766c\"><\/span><div class=\"wp-block-cover__inner-container is-layout-constrained wp-container-core-cover-is-layout-0176c93c wp-block-cover-is-layout-constrained\">\r\n<h1 class=\"wp-block-heading has-text-align-center has-ast-global-color-5-color has-text-color has-link-color has-large-font-size wp-elements-f282f1ac70aa03b85cf4af69a68a2bef\">\u041e \u043a\u043e\u043c\u043f\u0430\u043d\u0438\u0438 Radi Travels<\/h1>\r\n\r\n\r\n\r\n<p class=\"has-ast-global-color-4-color has-ast-global-color-8-background-color has-text-color has-background has-link-color wp-elements-7d629fed3a97632189446e481754287a\"><strong>\u041c\u044b \u2014 \u043d\u0430\u0434\u0451\u0436\u043d\u0430\u044f \u043b\u043e\u043a\u0430\u043b\u044c\u043d\u0430\u044f \u0442\u0443\u0440\u0438\u0441\u0442\u0438\u0447\u0435\u0441\u043a\u0430\u044f \u043a\u043e\u043c\u043f\u0430\u043d\u0438\u044f \u0432 \u041a\u0430\u043f\u043f\u0430\u0434\u043e\u043a\u0438\u0438<\/strong>, \u0441\u043f\u0435\u0446\u0438\u0430\u043b\u0438\u0437\u0438\u0440\u0443\u044e\u0449\u0430\u044f\u0441\u044f \u043d\u0430 \u0432\u043e\u0437\u0434\u0443\u0448\u043d\u044b\u0445 \u0448\u0430\u0440\u0430\u0445, \u0435\u0436\u0435\u0434\u043d\u0435\u0432\u043d\u044b\u0445 \u0442\u0443\u0440\u0430\u0445 \u0438 \u0438\u043d\u0434\u0438\u0432\u0438\u0434\u0443\u0430\u043b\u044c\u043d\u044b\u0445 \u043f\u0443\u0442\u0435\u0448\u0435\u0441\u0442\u0432\u0438\u044f\u0445.<\/p>\r\n\r\n\r\n\r\n<div class=\"wp-block-buttons is-content-justification-center is-layout-flex wp-container-core-buttons-is-layout-a89b3969 wp-block-buttons-is-layout-flex\">\r\n<div class=\"wp-block-button\"><a class=\"wp-block-button__link has-ast-global-color-4-color has-ast-global-color-1-background-color has-text-color has-background has-link-color wp-element-button\" href=\"https:\/\/wa.me\/905557605656?text=\u0417\u0434\u0440\u0430\u0432\u0441\u0442\u0432\u0443\u0439\u0442\u0435!%20\u042f%20\u0445\u043e\u0447\u0443%20\u043f\u043e\u043b\u0443\u0447\u0438\u0442\u044c%20\u0438\u043d\u0444\u043e\u0440\u043c\u0430\u0446\u0438\u044e%20\u043e%20\u0442\u0443\u0440\u0430\u0445%20\u0432%20\u041a\u0430\u043f\u043f\u0430\u0434\u043e\u043a\u0438\u0438.\">\u041d\u0430\u043f\u0438\u0441\u0430\u0442\u044c \u0432 WhatsApp \u2014 \u043e\u0442\u0432\u0435\u0442\u0438\u043c \u0431\u044b\u0441\u0442\u0440\u043e<\/a><\/div>\r\n<\/div>\r\n<\/div><\/div>\r\n\r\n\r\n\r\n<p class=\"has-ast-global-color-5-color has-text-color has-link-color wp-elements-4ce99b29dd846d34dc12bc8f299dd57b\"><\/p>\r\n\r\n\r\n\r\n<p class=\"has-ast-global-color-5-color has-text-color has-link-color wp-elements-4ce99b29dd846d34dc12bc8f299dd57b\"><\/p>\r\n\r\n\r\n\r\n<p>\u041c\u044b \u2014 \u043b\u043e\u043a\u0430\u043b\u044c\u043d\u0430\u044f \u0442\u0443\u0440\u0438\u0441\u0442\u0438\u0447\u0435\u0441\u043a\u0430\u044f \u043a\u043e\u043c\u043f\u0430\u043d\u0438\u044f \u0432 \u041a\u0430\u043f\u043f\u0430\u0434\u043e\u043a\u0438\u0438.<br>\u0421\u043f\u0435\u0446\u0438\u0430\u043b\u0438\u0437\u0438\u0440\u0443\u0435\u043c\u0441\u044f \u043d\u0430 \u0432\u043e\u0437\u0434\u0443\u0448\u043d\u044b\u0445 \u0448\u0430\u0440\u0430\u0445, \u0435\u0436\u0435\u0434\u043d\u0435\u0432\u043d\u044b\u0445 \u0442\u0443\u0440\u0430\u0445 \u0438 \u0438\u043d\u0434\u0438\u0432\u0438\u0434\u0443\u0430\u043b\u044c\u043d\u044b\u0445 \u043f\u0440\u043e\u0433\u0440\u0430\u043c\u043c\u0430\u0445.<br>\u0420\u0430\u0431\u043e\u0442\u0430\u0435\u043c \u043d\u0430\u043f\u0440\u044f\u043c\u0443\u044e \u2014 \u0431\u0435\u0437 \u043f\u043e\u0441\u0440\u0435\u0434\u043d\u0438\u043a\u043e\u0432.<\/p>\r\n\r\n\r\n\r\n<p>\u041d\u0430\u0448\u0430 \u0446\u0435\u043b\u044c \u2014 \u043f\u043e\u0434\u0430\u0440\u0438\u0442\u044c \u0432\u0430\u043c \u043d\u0435\u0437\u0430\u0431\u044b\u0432\u0430\u0435\u043c\u044b\u0435 \u0432\u043f\u0435\u0447\u0430\u0442\u043b\u0435\u043d\u0438\u044f: \u043e\u0442 \u043f\u043e\u043b\u0451\u0442\u043e\u0432 \u043d\u0430 \u0432\u043e\u0437\u0434\u0443\u0448\u043d\u043e\u043c \u0448\u0430\u0440\u0435 \u043d\u0430 \u0440\u0430\u0441\u0441\u0432\u0435\u0442\u0435<br>\u0434\u043e \u0435\u0436\u0435\u0434\u043d\u0435\u0432\u043d\u044b\u0445 \u044d\u043a\u0441\u043a\u0443\u0440\u0441\u0438\u0439 \u0438 \u0447\u0430\u0441\u0442\u043d\u044b\u0445 \u0442\u0443\u0440\u043e\u0432 \u043f\u043e \u0441\u0430\u043c\u044b\u043c \u043a\u0440\u0430\u0441\u0438\u0432\u044b\u043c \u0443\u0433\u043e\u043b\u043a\u0430\u043c \u0440\u0435\u0433\u0438\u043e\u043d\u0430.<\/p>\r\n\r\n\r\n\r\n<p>Radi Travels \u2014 \u044d\u0442\u043e \u043a\u0430\u0447\u0435\u0441\u0442\u0432\u043e, \u043d\u0430\u0434\u0451\u0436\u043d\u043e\u0441\u0442\u044c \u0438 \u043f\u0435\u0440\u0441\u043e\u043d\u0430\u043b\u044c\u043d\u044b\u0439 \u043f\u043e\u0434\u0445\u043e\u0434 \u043a \u043a\u0430\u0436\u0434\u043e\u043c\u0443 \u043f\u0443\u0442\u0435\u0448\u0435\u0441\u0442\u0432\u0435\u043d\u043d\u0438\u043a\u0443.<\/p>\r\n<!-- \u0130LET\u0130\u015e\u0130M BUTONLARI -->\r\n<div style=\"display:flex;gap:15px;justify-content:center;margin:40px 0;flex-wrap:wrap;\">\r\n\r\n<a href=\"https:\/\/api.whatsapp.com\/send?phone=905557605656\"\r\ntarget=\"_blank\"\r\nstyle=\"background:#25D366;color:#fff;padding:14px 22px;border-radius:12px;\r\ntext-decoration:none;font-weight:600;box-shadow:0 8px 20px rgba(0,0,0,0.15);\">\r\n\ud83d\udcac WhatsApp\r\n<\/a>\r\n\r\n<a href=\"https:\/\/t.me\/raditravels\"\r\ntarget=\"_blank\"\r\nstyle=\"background:#229ED9;color:#fff;padding:14px 22px;border-radius:12px;\r\ntext-decoration:none;font-weight:600;box-shadow:0 8px 20px rgba(0,0,0,0.15);\">\r\n\u2708\ufe0f Telegram\r\n<\/a>\r\n\r\n<\/div>","protected":false},"excerpt":{"rendered":"<p>\u041c\u044b \u2014 \u043b\u043e\u043a\u0430\u043b\u044c\u043d\u0430\u044f \u0442\u0443\u0440\u0438\u0441\u0442\u0438\u0447\u0435\u0441\u043a\u0430\u044f \u043a\u043e\u043c\u043f\u0430\u043d\u0438\u044f \u0432 \u041a\u0430\u043f\u043f\u0430\u0434\u043e\u043a\u0438\u0438.\u0421\u043f\u0435\u0446\u0438\u0430\u043b\u0438\u0437\u0438\u0440\u0443\u0435\u043c\u0441\u044f \u043d\u0430 \u0432\u043e\u0437\u0434\u0443\u0448\u043d\u044b\u0445 \u0448\u0430\u0440\u0430\u0445, \u0435\u0436\u0435\u0434\u043d\u0435\u0432\u043d\u044b\u0445 \u0442\u0443\u0440\u0430\u0445 \u0438 \u0438\u043d\u0434\u0438\u0432\u0438\u0434\u0443\u0430\u043b\u044c\u043d\u044b\u0445 \u043f\u0440\u043e\u0433\u0440\u0430\u043c\u043c\u0430\u0445.\u0420\u0430\u0431\u043e\u0442\u0430\u0435\u043c \u043d\u0430\u043f\u0440\u044f\u043c\u0443\u044e \u2014 \u0431\u0435\u0437 \u043f\u043e\u0441\u0440\u0435\u0434\u043d\u0438\u043a\u043e\u0432. \u041d\u0430\u0448\u0430 \u0446\u0435\u043b\u044c \u2014 \u043f\u043e\u0434\u0430\u0440\u0438\u0442\u044c \u0432\u0430\u043c \u043d\u0435\u0437\u0430\u0431\u044b\u0432\u0430\u0435\u043c\u044b\u0435 \u0432\u043f\u0435\u0447\u0430\u0442\u043b\u0435\u043d\u0438\u044f: \u043e\u0442 \u043f\u043e\u043b\u0451\u0442\u043e\u0432 \u043d\u0430 \u0432\u043e\u0437\u0434\u0443\u0448\u043d\u043e\u043c \u0448\u0430\u0440\u0435 \u043d\u0430 \u0440\u0430\u0441\u0441\u0432\u0435\u0442\u0435\u0434\u043e \u0435\u0436\u0435\u0434\u043d\u0435\u0432\u043d\u044b\u0445 \u044d\u043a\u0441\u043a\u0443\u0440\u0441\u0438\u0439 \u0438 \u0447\u0430\u0441\u0442\u043d\u044b\u0445 \u0442\u0443\u0440\u043e\u0432 \u043f\u043e \u0441\u0430\u043c\u044b\u043c \u043a\u0440\u0430\u0441\u0438\u0432\u044b\u043c \u0443\u0433\u043e\u043b\u043a\u0430\u043c \u0440\u0435\u0433\u0438\u043e\u043d\u0430. Radi Travels \u2014 \u044d\u0442\u043e \u043a\u0430\u0447\u0435\u0441\u0442\u0432\u043e, \u043d\u0430\u0434\u0451\u0436\u043d\u043e\u0441\u0442\u044c \u0438 \u043f\u0435\u0440\u0441\u043e\u043d\u0430\u043b\u044c\u043d\u044b\u0439 \u043f\u043e\u0434\u0445\u043e\u0434 \u043a \u043a\u0430\u0436\u0434\u043e\u043c\u0443 \u043f\u0443\u0442\u0435\u0448\u0435\u0441\u0442\u0432\u0435\u043d\u043d\u0438\u043a\u0443. [&hellip;]<\/p>\n","protected":false},"author":1,"featured_media":3286,"parent":0,"menu_order":0,"comment_status":"closed","ping_status":"closed","template":"","meta":{"_uag_custom_page_level_css":"","site-sidebar-layout":"no-sidebar","site-content-layout":"page-builder","ast-site-content-layout":"full-width-container","site-content-style":"unboxed","site-sidebar-style":"default","ast-global-header-display":"","ast-banner-title-visibility":"","ast-main-header-display":"","ast-hfb-above-header-display":"","ast-hfb-below-header-display":"","ast-hfb-mobile-header-display":"","site-post-title":"disabled","ast-breadcrumbs-content":"","ast-featured-img":"","footer-sml-layout":"","ast-disable-related-posts":"","theme-transparent-header-meta":"disabled","adv-header-id-meta":"","stick-header-meta":"","header-above-stick-meta":"","header-main-stick-meta":"","header-below-stick-meta":"","astra-migrate-meta-layouts":"set","ast-page-background-enabled":"default","ast-page-background-meta":{"desktop":{"background-color":"var(--ast-global-color-4)","background-image":"","background-repeat":"repeat","background-position":"center center","background-size":"auto","background-attachment":"scroll","background-type":"","background-media":"","overlay-type":"","overlay-color":"","overlay-opacity":"","overlay-gradient":""},"tablet":{"background-color":"","background-image":"","background-repeat":"repeat","background-position":"center center","background-size":"auto","background-attachment":"scroll","background-type":"","background-media":"","overlay-type":"","overlay-color":"","overlay-opacity":"","overlay-gradient":""},"mobile":{"background-color":"","background-image":"","background-repeat":"repeat","background-position":"center center","background-size":"auto","background-attachment":"scroll","background-type":"","background-media":"","overlay-type":"","overlay-color":"","overlay-opacity":"","overlay-gradient":""}},"ast-content-background-meta":{"desktop":{"background-color":"var(--ast-global-color-5)","background-image":"","background-repeat":"repeat","background-position":"center center","background-size":"auto","background-attachment":"scroll","background-type":"","background-media":"","overlay-type":"","overlay-color":"","overlay-opacity":"","overlay-gradient":""},"tablet":{"background-color":"var(--ast-global-color-5)","background-image":"","background-repeat":"repeat","background-position":"center center","background-size":"auto","background-attachment":"scroll","background-type":"","background-media":"","overlay-type":"","overlay-color":"","overlay-opacity":"","overlay-gradient":""},"mobile":{"background-color":"var(--ast-global-color-5)","background-image":"","background-repeat":"repeat","background-position":"center center","background-size":"auto","background-attachment":"scroll","background-type":"","background-media":"","overlay-type":"","overlay-color":"","overlay-opacity":"","overlay-gradient":""}},"_joinchat":[],"footnotes":""},"class_list":["post-3129","page","type-page","status-publish","has-post-thumbnail","hentry"],"_hostinger_reach_plugin_has_subscription_block":false,"_hostinger_reach_plugin_is_elementor":false,"uagb_featured_image_src":{"full":["https:\/\/raditravels.com\/wp-content\/uploads\/2026\/01\/pexels-photo-302743-302743-scaled.jpg",2560,1706,false],"thumbnail":["https:\/\/raditravels.com\/wp-content\/uploads\/2026\/01\/pexels-photo-302743-302743-150x150.jpg",150,150,true],"medium":["https:\/\/raditravels.com\/wp-content\/uploads\/2026\/01\/pexels-photo-302743-302743-300x200.jpg",300,200,true],"medium_large":["https:\/\/raditravels.com\/wp-content\/uploads\/2026\/01\/pexels-photo-302743-302743-768x512.jpg",768,512,true],"large":["https:\/\/raditravels.com\/wp-content\/uploads\/2026\/01\/pexels-photo-302743-302743-1024x683.jpg",1024,683,true],"1536x1536":["https:\/\/raditravels.com\/wp-content\/uploads\/2026\/01\/pexels-photo-302743-302743-1536x1024.jpg",1536,1024,true],"2048x2048":["https:\/\/raditravels.com\/wp-content\/uploads\/2026\/01\/pexels-photo-302743-302743-2048x1365.jpg",2048,1365,true],"trp-custom-language-flag":["https:\/\/raditravels.com\/wp-content\/uploads\/2026\/01\/pexels-photo-302743-302743-18x12.jpg",18,12,true]},"uagb_author_info":{"display_name":"raditravels@gmail.com","author_link":"https:\/\/raditravels.com\/en\/author\/raditravelsgmail-com\/"},"uagb_comment_info":0,"uagb_excerpt":"\u041c\u044b \u2014 \u043b\u043e\u043a\u0430\u043b\u044c\u043d\u0430\u044f \u0442\u0443\u0440\u0438\u0441\u0442\u0438\u0447\u0435\u0441\u043a\u0430\u044f \u043a\u043e\u043c\u043f\u0430\u043d\u0438\u044f \u0432 \u041a\u0430\u043f\u043f\u0430\u0434\u043e\u043a\u0438\u0438.\u0421\u043f\u0435\u0446\u0438\u0430\u043b\u0438\u0437\u0438\u0440\u0443\u0435\u043c\u0441\u044f \u043d\u0430 \u0432\u043e\u0437\u0434\u0443\u0448\u043d\u044b\u0445 \u0448\u0430\u0440\u0430\u0445, \u0435\u0436\u0435\u0434\u043d\u0435\u0432\u043d\u044b\u0445 \u0442\u0443\u0440\u0430\u0445 \u0438 \u0438\u043d\u0434\u0438\u0432\u0438\u0434\u0443\u0430\u043b\u044c\u043d\u044b\u0445 \u043f\u0440\u043e\u0433\u0440\u0430\u043c\u043c\u0430\u0445.\u0420\u0430\u0431\u043e\u0442\u0430\u0435\u043c \u043d\u0430\u043f\u0440\u044f\u043c\u0443\u044e \u2014 \u0431\u0435\u0437 \u043f\u043e\u0441\u0440\u0435\u0434\u043d\u0438\u043a\u043e\u0432. \u041d\u0430\u0448\u0430 \u0446\u0435\u043b\u044c \u2014 \u043f\u043e\u0434\u0430\u0440\u0438\u0442\u044c \u0432\u0430\u043c \u043d\u0435\u0437\u0430\u0431\u044b\u0432\u0430\u0435\u043c\u044b\u0435 \u0432\u043f\u0435\u0447\u0430\u0442\u043b\u0435\u043d\u0438\u044f: \u043e\u0442 \u043f\u043e\u043b\u0451\u0442\u043e\u0432 \u043d\u0430 \u0432\u043e\u0437\u0434\u0443\u0448\u043d\u043e\u043c \u0448\u0430\u0440\u0435 \u043d\u0430 \u0440\u0430\u0441\u0441\u0432\u0435\u0442\u0435\u0434\u043e \u0435\u0436\u0435\u0434\u043d\u0435\u0432\u043d\u044b\u0445 \u044d\u043a\u0441\u043a\u0443\u0440\u0441\u0438\u0439 \u0438 \u0447\u0430\u0441\u0442\u043d\u044b\u0445 \u0442\u0443\u0440\u043e\u0432 \u043f\u043e \u0441\u0430\u043c\u044b\u043c \u043a\u0440\u0430\u0441\u0438\u0432\u044b\u043c \u0443\u0433\u043e\u043b\u043a\u0430\u043c \u0440\u0435\u0433\u0438\u043e\u043d\u0430. Radi Travels \u2014 \u044d\u0442\u043e \u043a\u0430\u0447\u0435\u0441\u0442\u0432\u043e, \u043d\u0430\u0434\u0451\u0436\u043d\u043e\u0441\u0442\u044c \u0438 \u043f\u0435\u0440\u0441\u043e\u043d\u0430\u043b\u044c\u043d\u044b\u0439 \u043f\u043e\u0434\u0445\u043e\u0434 \u043a \u043a\u0430\u0436\u0434\u043e\u043c\u0443 \u043f\u0443\u0442\u0435\u0448\u0435\u0441\u0442\u0432\u0435\u043d\u043d\u0438\u043a\u0443.&hellip;","_links":{"self":[{"href":"https:\/\/raditravels.com\/en\/wp-json\/wp\/v2\/pages\/3129","targetHints":{"allow":["GET"]}}],"collection":[{"href":"https:\/\/raditravels.com\/en\/wp-json\/wp\/v2\/pages"}],"about":[{"href":"https:\/\/raditravels.com\/en\/wp-json\/wp\/v2\/types\/page"}],"author":[{"embeddable":true,"href":"https:\/\/raditravels.com\/en\/wp-json\/wp\/v2\/users\/1"}],"replies":[{"embeddable":true,"href":"https:\/\/raditravels.com\/en\/wp-json\/wp\/v2\/comments?post=3129"}],"version-history":[{"count":29,"href":"https:\/\/raditravels.com\/en\/wp-json\/wp\/v2\/pages\/3129\/revisions"}],"predecessor-version":[{"id":4823,"href":"https:\/\/raditravels.com\/en\/wp-json\/wp\/v2\/pages\/3129\/revisions\/4823"}],"wp:featuredmedia":[{"embeddable":true,"href":"https:\/\/raditravels.com\/en\/wp-json\/wp\/v2\/media\/3286"}],"wp:attachment":[{"href":"https:\/\/raditravels.com\/en\/wp-json\/wp\/v2\/media?parent=3129"}],"curies":[{"name":"wp","href":"https:\/\/api.w.org\/{rel}","templated":true}]}}